{"id":221,"date":"2025-03-17T15:44:36","date_gmt":"2025-03-17T14:44:36","guid":{"rendered":"https:\/\/www.blogg.sh.se\/barnshjalpsokande\/?page_id=221"},"modified":"2026-01-29T10:05:57","modified_gmt":"2026-01-29T09:05:57","slug":"vill-du-bli-intervjuad","status":"publish","type":"page","link":"https:\/\/www.blogg.sh.se\/barnshjalpsokande\/index.php\/vill-du-bli-intervjuad\/","title":{"rendered":"Vill du bli intervjuad?"},"content":{"rendered":"\n<p>M\u00e5nga har varit intresserade av att delta och det \u00e4r inte s\u00e4kert att alla som anm\u00e4ler intresse kan bli intervjuade, men vi har fortfarande utrymme f\u00f6r att g\u00f6ra n\u00e5gra intervjuer till. Eftersom de flesta som vi har intervjuat hittills \u00e4r tjejer s\u00f6ker vi nu endast killar eller icke-bin\u00e4ra.<\/p>\n\n\n\n<p><strong>S\u00e5 h\u00e4r anm\u00e4ler du intresse<\/strong>:<\/p>\n\n\n\n<p>H\u00f6r av dig till Ylva Sp\u00e5nberger Weitz, som \u00e4r forskare i projektet f\u00f6r att anm\u00e4la intresse: <a href=\"ylva.spanberger.weitz@sh.se\" data-type=\"link\" data-id=\"ylva.spanberger.weitz@sh.se\">ylva.spanberger.weitz@sh.se<\/a><\/p>\n\n\n\n<p>Skriv att du \u00e4r intresserad av att vara med i en intervju och tala om hur du vill bli kontaktad (t.ex. mejl, telefon, eller sms), s\u00e5 h\u00f6r vi av oss.<\/p>\n\n\n\n<p>Om du deltar blir du intervjuad av en forskare. Vi kan ses digitalt eller fysiskt. Du deltar anonymt och du kan avbryta n\u00e4r du vill. <\/p>\n\n\n\n<p><strong>Du f\u00e5r ett presentkort till Filmstaden som tack f\u00f6r hj\u00e4lpen!<\/strong><\/p>\n\n\n\n<p><img loading=\"lazy\" decoding=\"async\" width=\"14\" height=\"14\" src=\"https:\/\/www.blogg.sh.se\/barnshjalpsokande\/wp-content\/uploads\/2024\/09\/liten-prick.png\" alt=\"\">&nbsp;<a href=\"https:\/\/www.blogg.sh.se\/barnshjalpsokande\/index.php\/intervjuer-med-unga\/\">H\u00e4r<\/a> kan du l\u00e4sa mer om vilka vi s\u00f6ker och hur en intervju g\u00e5r till<br><br><img loading=\"lazy\" decoding=\"async\" width=\"14\" height=\"14\" src=\"https:\/\/www.blogg.sh.se\/barnshjalpsokande\/wp-content\/uploads\/2024\/09\/liten-prick.png\" alt=\"\">&nbsp;<a href=\"https:\/\/www.blogg.sh.se\/barnshjalpsokande\/index.php\/om\/\">H\u00e4r<\/a>&nbsp;kan du l\u00e4sa mer om forskningsprojektet<br><br><img loading=\"lazy\" decoding=\"async\" width=\"14\" height=\"14\" src=\"https:\/\/www.blogg.sh.se\/barnshjalpsokande\/wp-content\/uploads\/2024\/09\/liten-prick.png\" alt=\"\">&nbsp;<a href=\"https:\/\/www.blogg.sh.se\/barnshjalpsokande\/index.php\/kontakt\/\">Kontakt<\/a> och information om oss i projektet<\/p>\n\n\n\n<p><\/p>\n","protected":false},"excerpt":{"rendered":"<p>M\u00e5nga har varit intresserade av att delta och det \u00e4r inte s\u00e4kert att alla som anm\u00e4ler intresse kan bli intervjuade, men vi har fortfarande utrymme f\u00f6r att g\u00f6ra n\u00e5gra intervjuer till. Eftersom de flesta som vi har intervjuat hittills \u00e4r tjejer s\u00f6ker vi nu endast killar eller icke-bin\u00e4ra. S\u00e5 h\u00e4r anm\u00e4ler du intresse: H\u00f6r av &hellip; <\/p>\n<p class=\"link-more\"><a href=\"https:\/\/www.blogg.sh.se\/barnshjalpsokande\/index.php\/vill-du-bli-intervjuad\/\" class=\"more-link\">Forts\u00e4tt l\u00e4sa<span class=\"screen-reader-text\"> \u201dVill du bli intervjuad?\u201d<\/span><\/a><\/p>\n","protected":false},"author":2,"featured_media":0,"parent":0,"menu_order":0,"comment_status":"closed","ping_status":"closed","template":"","meta":{"footnotes":""},"class_list":["post-221","page","type-page","status-publish","hentry"],"_links":{"self":[{"href":"https:\/\/www.blogg.sh.se\/barnshjalpsokande\/index.php\/wp-json\/wp\/v2\/pages\/221","targetHints":{"allow":["GET"]}}],"collection":[{"href":"https:\/\/www.blogg.sh.se\/barnshjalpsokande\/index.php\/wp-json\/wp\/v2\/pages"}],"about":[{"href":"https:\/\/www.blogg.sh.se\/barnshjalpsokande\/index.php\/wp-json\/wp\/v2\/types\/page"}],"author":[{"embeddable":true,"href":"https:\/\/www.blogg.sh.se\/barnshjalpsokande\/index.php\/wp-json\/wp\/v2\/users\/2"}],"replies":[{"embeddable":true,"href":"https:\/\/www.blogg.sh.se\/barnshjalpsokande\/index.php\/wp-json\/wp\/v2\/comments?post=221"}],"version-history":[{"count":36,"href":"https:\/\/www.blogg.sh.se\/barnshjalpsokande\/index.php\/wp-json\/wp\/v2\/pages\/221\/revisions"}],"predecessor-version":[{"id":340,"href":"https:\/\/www.blogg.sh.se\/barnshjalpsokande\/index.php\/wp-json\/wp\/v2\/pages\/221\/revisions\/340"}],"wp:attachment":[{"href":"https:\/\/www.blogg.sh.se\/barnshjalpsokande\/index.php\/wp-json\/wp\/v2\/media?parent=221"}],"curies":[{"name":"wp","href":"https:\/\/api.w.org\/{rel}","templated":true}]}}