{"id":29,"date":"2024-09-20T16:18:25","date_gmt":"2024-09-20T14:18:25","guid":{"rendered":"https:\/\/www.blogg.sh.se\/barnshjalpsokande\/?page_id=29"},"modified":"2025-03-17T16:02:16","modified_gmt":"2025-03-17T15:02:16","slug":"kontakt","status":"publish","type":"page","link":"https:\/\/www.blogg.sh.se\/barnshjalpsokande\/index.php\/kontakt\/","title":{"rendered":"Kontakt"},"content":{"rendered":"\n<p>Ansvarig f\u00f6r projektet \u00e4r Ylva Sp\u00e5nberger Weitz vid S\u00f6dert\u00f6rns h\u00f6gskola. \u00d6vriga forskare i projektet \u00e4r Inger Linblad och Sylwia Koziel (fr\u00e5n S\u00f6dert\u00f6rns h\u00f6gskola) och Emelie Shanks (fr\u00e5n Stockholms universitet).<br><\/p>\n\n\n\n<div class=\"wp-block-media-text is-stacked-on-mobile\" style=\"grid-template-columns:27% auto\"><figure class=\"wp-block-media-text__media\"><img loading=\"lazy\" decoding=\"async\" width=\"321\" height=\"321\" src=\"https:\/\/www.blogg.sh.se\/barnshjalpsokande\/wp-content\/uploads\/2024\/09\/Ylva_Sp_nberger_Weitz_portr_ttbild_omslag-1.jpg\" alt=\"\" class=\"wp-image-57 size-full\" srcset=\"https:\/\/www.blogg.sh.se\/barnshjalpsokande\/wp-content\/uploads\/2024\/09\/Ylva_Sp_nberger_Weitz_portr_ttbild_omslag-1.jpg 321w, https:\/\/www.blogg.sh.se\/barnshjalpsokande\/wp-content\/uploads\/2024\/09\/Ylva_Sp_nberger_Weitz_portr_ttbild_omslag-1-300x300.jpg 300w, https:\/\/www.blogg.sh.se\/barnshjalpsokande\/wp-content\/uploads\/2024\/09\/Ylva_Sp_nberger_Weitz_portr_ttbild_omslag-1-150x150.jpg 150w, https:\/\/www.blogg.sh.se\/barnshjalpsokande\/wp-content\/uploads\/2024\/09\/Ylva_Sp_nberger_Weitz_portr_ttbild_omslag-1-100x100.jpg 100w\" sizes=\"auto, (max-width: 321px) 100vw, 321px\" \/><\/figure><div class=\"wp-block-media-text__content\">\n<p>Ylva Sp\u00e5nberger Weitz<br>\u00e4r projektansvarig och forskningsledare f\u00f6r delstudie 2 (intervjuer med unga)<\/p>\n\n\n\n<p>e-post: <a href=\"mailto:ylva.spanberger.weitz@sh.se\" target=\"_blank\" rel=\"noreferrer noopener\">ylva.spanberger.weitz@sh.se<\/a><br><\/p>\n\n\n\n<p><\/p>\n<\/div><\/div>\n\n\n\n<div class=\"wp-block-media-text is-stacked-on-mobile\" style=\"grid-template-columns:27% auto\"><figure class=\"wp-block-media-text__media\"><img loading=\"lazy\" decoding=\"async\" width=\"321\" height=\"321\" src=\"https:\/\/www.blogg.sh.se\/barnshjalpsokande\/wp-content\/uploads\/2024\/09\/Inger-Linblad-SH.jpg\" alt=\"\" class=\"wp-image-55 size-full\" srcset=\"https:\/\/www.blogg.sh.se\/barnshjalpsokande\/wp-content\/uploads\/2024\/09\/Inger-Linblad-SH.jpg 321w, https:\/\/www.blogg.sh.se\/barnshjalpsokande\/wp-content\/uploads\/2024\/09\/Inger-Linblad-SH-300x300.jpg 300w, https:\/\/www.blogg.sh.se\/barnshjalpsokande\/wp-content\/uploads\/2024\/09\/Inger-Linblad-SH-150x150.jpg 150w, https:\/\/www.blogg.sh.se\/barnshjalpsokande\/wp-content\/uploads\/2024\/09\/Inger-Linblad-SH-100x100.jpg 100w\" sizes=\"auto, (max-width: 321px) 100vw, 321px\" \/><\/figure><div class=\"wp-block-media-text__content\">\n<p>Inger Linblad<br>\u00e4r forskningsledare f\u00f6r delstudie 3 (intervjuer med yrkesverksamma)<\/p>\n\n\n\n<p>e-post: <a href=\"mailto:inger.linblad@sh.se\">inger.linblad@sh.se<\/a><\/p>\n\n\n\n<p><\/p>\n<\/div><\/div>\n\n\n\n<div class=\"wp-block-media-text is-stacked-on-mobile\" style=\"grid-template-columns:27% auto\"><figure class=\"wp-block-media-text__media\"><img loading=\"lazy\" decoding=\"async\" width=\"321\" height=\"321\" src=\"https:\/\/www.blogg.sh.se\/barnshjalpsokande\/wp-content\/uploads\/2024\/09\/Bild-Sylwia.png\" alt=\"\" class=\"wp-image-56 size-full\" srcset=\"https:\/\/www.blogg.sh.se\/barnshjalpsokande\/wp-content\/uploads\/2024\/09\/Bild-Sylwia.png 321w, https:\/\/www.blogg.sh.se\/barnshjalpsokande\/wp-content\/uploads\/2024\/09\/Bild-Sylwia-300x300.png 300w, https:\/\/www.blogg.sh.se\/barnshjalpsokande\/wp-content\/uploads\/2024\/09\/Bild-Sylwia-150x150.png 150w, https:\/\/www.blogg.sh.se\/barnshjalpsokande\/wp-content\/uploads\/2024\/09\/Bild-Sylwia-100x100.png 100w\" sizes=\"auto, (max-width: 321px) 100vw, 321px\" \/><\/figure><div class=\"wp-block-media-text__content\">\n<p>Sylwia Koziel <br>\u00e4r forskningsledare f\u00f6r delstudie 4 (referensgrupp och workshops)<\/p>\n\n\n\n<p>e-post: <a href=\"mailto:sylwia.koziel@sh.se\">sylwia.koziel@sh.se<\/a><\/p>\n\n\n\n<p><\/p>\n<\/div><\/div>\n\n\n\n<div class=\"wp-block-media-text is-stacked-on-mobile\" style=\"grid-template-columns:27% auto\"><figure class=\"wp-block-media-text__media\"><img loading=\"lazy\" decoding=\"async\" width=\"180\" height=\"180\" src=\"https:\/\/www.blogg.sh.se\/barnshjalpsokande\/wp-content\/uploads\/2024\/09\/emelie-shanks.png\" alt=\"\" class=\"wp-image-58 size-full\" srcset=\"https:\/\/www.blogg.sh.se\/barnshjalpsokande\/wp-content\/uploads\/2024\/09\/emelie-shanks.png 180w, https:\/\/www.blogg.sh.se\/barnshjalpsokande\/wp-content\/uploads\/2024\/09\/emelie-shanks-150x150.png 150w, https:\/\/www.blogg.sh.se\/barnshjalpsokande\/wp-content\/uploads\/2024\/09\/emelie-shanks-100x100.png 100w\" sizes=\"auto, (max-width: 180px) 100vw, 180px\" \/><\/figure><div class=\"wp-block-media-text__content\">\n<p>Emelie Shanks<br>\u00e4r forskningsledare f\u00f6r delstudie 1 (enk\u00e4t till elever)<\/p>\n\n\n\n<p>e-post: <a href=\"mailto:emelie.shanks@socarb.su.se\">emelie.shanks@socarb.su.se<\/a><\/p>\n\n\n\n<p><\/p>\n<\/div><\/div>\n\n\n\n<p><\/p>\n","protected":false},"excerpt":{"rendered":"<p>Ansvarig f\u00f6r projektet \u00e4r Ylva Sp\u00e5nberger Weitz vid S\u00f6dert\u00f6rns h\u00f6gskola. \u00d6vriga forskare i projektet \u00e4r Inger Linblad och Sylwia Koziel (fr\u00e5n S\u00f6dert\u00f6rns h\u00f6gskola) och Emelie Shanks (fr\u00e5n Stockholms universitet). Ylva Sp\u00e5nberger Weitz\u00e4r projektansvarig och forskningsledare f\u00f6r delstudie 2 (intervjuer med unga) e-post: ylva.spanberger.weitz@sh.se Inger Linblad\u00e4r forskningsledare f\u00f6r delstudie 3 (intervjuer med yrkesverksamma) e-post: inger.linblad@sh.se Sylwia &hellip; <\/p>\n<p class=\"link-more\"><a href=\"https:\/\/www.blogg.sh.se\/barnshjalpsokande\/index.php\/kontakt\/\" class=\"more-link\">Forts\u00e4tt l\u00e4sa<span class=\"screen-reader-text\"> \u201dKontakt\u201d<\/span><\/a><\/p>\n","protected":false},"author":2,"featured_media":0,"parent":0,"menu_order":0,"comment_status":"closed","ping_status":"closed","template":"","meta":{"footnotes":""},"class_list":["post-29","page","type-page","status-publish","hentry"],"_links":{"self":[{"href":"https:\/\/www.blogg.sh.se\/barnshjalpsokande\/index.php\/wp-json\/wp\/v2\/pages\/29","targetHints":{"allow":["GET"]}}],"collection":[{"href":"https:\/\/www.blogg.sh.se\/barnshjalpsokande\/index.php\/wp-json\/wp\/v2\/pages"}],"about":[{"href":"https:\/\/www.blogg.sh.se\/barnshjalpsokande\/index.php\/wp-json\/wp\/v2\/types\/page"}],"author":[{"embeddable":true,"href":"https:\/\/www.blogg.sh.se\/barnshjalpsokande\/index.php\/wp-json\/wp\/v2\/users\/2"}],"replies":[{"embeddable":true,"href":"https:\/\/www.blogg.sh.se\/barnshjalpsokande\/index.php\/wp-json\/wp\/v2\/comments?post=29"}],"version-history":[{"count":16,"href":"https:\/\/www.blogg.sh.se\/barnshjalpsokande\/index.php\/wp-json\/wp\/v2\/pages\/29\/revisions"}],"predecessor-version":[{"id":240,"href":"https:\/\/www.blogg.sh.se\/barnshjalpsokande\/index.php\/wp-json\/wp\/v2\/pages\/29\/revisions\/240"}],"wp:attachment":[{"href":"https:\/\/www.blogg.sh.se\/barnshjalpsokande\/index.php\/wp-json\/wp\/v2\/media?parent=29"}],"curies":[{"name":"wp","href":"https:\/\/api.w.org\/{rel}","templated":true}]}}