{"id":31,"date":"2024-09-20T16:18:25","date_gmt":"2024-09-20T14:18:25","guid":{"rendered":"https:\/\/www.blogg.sh.se\/barnshjalpsokande\/?page_id=31"},"modified":"2025-03-17T16:05:51","modified_gmt":"2025-03-17T15:05:51","slug":"om","status":"publish","type":"page","link":"https:\/\/www.blogg.sh.se\/barnshjalpsokande\/index.php\/om\/","title":{"rendered":"Om forskningsprojektet"},"content":{"rendered":"\n<p>Social utsatthet bland barn \u00e4r ett allvarligt problem och i m\u00e5nga fall f\u00e5r barn inte tillg\u00e5ng till det st\u00f6d fr\u00e5n samh\u00e4llet som de har r\u00e4tt till. Vi vill \u00f6ka kunskapen om barns hj\u00e4lps\u00f6kande vid social utsatthet och st\u00e4rka barns m\u00f6jligheter till hj\u00e4lp och st\u00f6d fr\u00e5n till exempel socialtj\u00e4nsten.<\/p>\n\n\n\n<p>Forskningsprojektet <em>Barns hj\u00e4lps\u00f6kande vid social utsatthet<\/em> drivs av forskare vid S\u00f6dert\u00f6rns h\u00f6gskola och Stockholms universitet. I projektet unders\u00f6ker vi:<br><br><img loading=\"lazy\" decoding=\"async\" width=\"14\" height=\"14\" class=\"wp-image-63\" style=\"width: 14px;\" src=\"https:\/\/www.blogg.sh.se\/barnshjalpsokande\/wp-content\/uploads\/2024\/09\/liten-prick.png\" alt=\"\"> barns generella uppfattningar om social utsatthet och om m\u00f6jligheter till hj\u00e4lp och st\u00f6d fr\u00e5n samh\u00e4llet<br><br><img loading=\"lazy\" decoding=\"async\" width=\"14\" height=\"14\" class=\"wp-image-63\" style=\"width: 14px;\" src=\"https:\/\/www.blogg.sh.se\/barnshjalpsokande\/wp-content\/uploads\/2024\/09\/liten-prick.png\" alt=\"\"> ungas egna ber\u00e4ttelser om utsatthet och hj\u00e4lps\u00f6kande under barndomen och deras perspektiv p\u00e5 vilket st\u00f6d som beh\u00f6vs<br><br><img loading=\"lazy\" decoding=\"async\" width=\"14\" height=\"14\" class=\"wp-image-63\" style=\"width: 14px;\" src=\"https:\/\/www.blogg.sh.se\/barnshjalpsokande\/wp-content\/uploads\/2024\/09\/liten-prick.png\" alt=\"\"> yrkesverksammas ber\u00e4ttelser om att m\u00f6ta barns hj\u00e4lps\u00f6kande och deras perspektiv p\u00e5 vilket st\u00f6d som beh\u00f6vs<br><br><img loading=\"lazy\" decoding=\"async\" width=\"14\" height=\"14\" class=\"wp-image-63\" style=\"width: 14px;\" src=\"https:\/\/www.blogg.sh.se\/barnshjalpsokande\/wp-content\/uploads\/2024\/09\/liten-prick.png\" alt=\"\"> hur m\u00f6jligheterna f\u00f6r barns hj\u00e4lps\u00f6kande kan st\u00e4rkas och samh\u00e4llets st\u00f6d till socialt utsatta barn f\u00f6rb\u00e4ttras<br><br><strong>Vad menar vi med social utsatthet?<\/strong><br>Vi har ett brett perspektiv p\u00e5 social utsatthet som inkluderar b\u00e5de utsatthet i familjen (till exempel konflikter, \u00f6vergrepp eller fattigdom), utsatthet i skolan (till exempel mobbning) eller p\u00e5 fritiden (till exempel att uppleva v\u00e5ld och otrygghet d\u00e4r du bor eller brukar vara), och utsatthet som handlar om att beh\u00f6va hantera anh\u00f6rigas sv\u00e5righeter (till exempel f\u00f6r\u00e4lders sjukdom, missbruk eller fr\u00e5nvaro).<br><br><strong>Hur g\u00e5r forskningen till?<\/strong><br>Vi arbetar med deltagande metoder f\u00f6r kunskapsproduktion och kunskapsanv\u00e4ndning. Det inneb\u00e4r att vi samarbetar med ungdomar och yrkesverksamma dels kring planering av datainsamling och analys av resultat, dels kring hur kunskapen fr\u00e5n projektet kan komma till nytta i praktiken. En viktig del i v\u00e5r forskning \u00e4r att barns och ungas egna perspektiv p\u00e5 och erfarenheter av hj\u00e4lps\u00f6kande vid social utsatthet ska vara v\u00e4gledande. Vi str\u00e4var efter att barns och ungas kunskap om sin egen situation, liksom erfarenhetsbaserad kunskap fr\u00e5n yrkesverksamma, ska bidra till att f\u00f6rb\u00e4ttra samh\u00e4llets st\u00f6d till utsatta barn.<\/p>\n\n\n\n<p>Forskningsprojektet p\u00e5g\u00e5r fr\u00e5n 2024\u20132028. Ansvarig forskare \u00e4r Ylva Sp\u00e5nberger Weitz. <\/p>\n\n\n\n<p><a href=\"https:\/\/www.blogg.sh.se\/barnshjalpsokande\/index.php\/kontakt\/\">H\u00e4r<\/a> finns kontaktuppgifter och information om oss som jobbar i projektet<\/p>\n\n\n\n<p><\/p>\n","protected":false},"excerpt":{"rendered":"<p>Social utsatthet bland barn \u00e4r ett allvarligt problem och i m\u00e5nga fall f\u00e5r barn inte tillg\u00e5ng till det st\u00f6d fr\u00e5n samh\u00e4llet som de har r\u00e4tt till. Vi vill \u00f6ka kunskapen om barns hj\u00e4lps\u00f6kande vid social utsatthet och st\u00e4rka barns m\u00f6jligheter till hj\u00e4lp och st\u00f6d fr\u00e5n till exempel socialtj\u00e4nsten. Forskningsprojektet Barns hj\u00e4lps\u00f6kande vid social utsatthet drivs &hellip; <\/p>\n<p class=\"link-more\"><a href=\"https:\/\/www.blogg.sh.se\/barnshjalpsokande\/index.php\/om\/\" class=\"more-link\">Forts\u00e4tt l\u00e4sa<span class=\"screen-reader-text\"> \u201dOm forskningsprojektet\u201d<\/span><\/a><\/p>\n","protected":false},"author":2,"featured_media":0,"parent":0,"menu_order":0,"comment_status":"closed","ping_status":"closed","template":"","meta":{"footnotes":""},"class_list":["post-31","page","type-page","status-publish","hentry"],"_links":{"self":[{"href":"https:\/\/www.blogg.sh.se\/barnshjalpsokande\/index.php\/wp-json\/wp\/v2\/pages\/31","targetHints":{"allow":["GET"]}}],"collection":[{"href":"https:\/\/www.blogg.sh.se\/barnshjalpsokande\/index.php\/wp-json\/wp\/v2\/pages"}],"about":[{"href":"https:\/\/www.blogg.sh.se\/barnshjalpsokande\/index.php\/wp-json\/wp\/v2\/types\/page"}],"author":[{"embeddable":true,"href":"https:\/\/www.blogg.sh.se\/barnshjalpsokande\/index.php\/wp-json\/wp\/v2\/users\/2"}],"replies":[{"embeddable":true,"href":"https:\/\/www.blogg.sh.se\/barnshjalpsokande\/index.php\/wp-json\/wp\/v2\/comments?post=31"}],"version-history":[{"count":14,"href":"https:\/\/www.blogg.sh.se\/barnshjalpsokande\/index.php\/wp-json\/wp\/v2\/pages\/31\/revisions"}],"predecessor-version":[{"id":242,"href":"https:\/\/www.blogg.sh.se\/barnshjalpsokande\/index.php\/wp-json\/wp\/v2\/pages\/31\/revisions\/242"}],"wp:attachment":[{"href":"https:\/\/www.blogg.sh.se\/barnshjalpsokande\/index.php\/wp-json\/wp\/v2\/media?parent=31"}],"curies":[{"name":"wp","href":"https:\/\/api.w.org\/{rel}","templated":true}]}}