{"id":78,"date":"2024-09-30T20:24:34","date_gmt":"2024-09-30T18:24:34","guid":{"rendered":"https:\/\/www.blogg.sh.se\/barnshjalpsokande\/?page_id=78"},"modified":"2026-01-29T10:10:04","modified_gmt":"2026-01-29T09:10:04","slug":"intervjuer-med-unga","status":"publish","type":"page","link":"https:\/\/www.blogg.sh.se\/barnshjalpsokande\/index.php\/intervjuer-med-unga\/","title":{"rendered":"Hade du en utsatt barndom och vill hj\u00e4lpa andra i samma situation?"},"content":{"rendered":"\n<p>Vi har redan gjort m\u00e5nga intervjuer och just nu s\u00f6ker vi enbart dig som \u00e4r kille eller icke-bin\u00e4r. <a href=\"https:\/\/www.blogg.sh.se\/barnshjalpsokande\/index.php\/vill-du-bli-intervjuad\/\">H\u00e4r kan du anm\u00e4la intresse f\u00f6r att bli intervjuad<\/a>!<\/p>\n\n\n\n<p>Vi s\u00f6ker dig som \u00e4r 18\u201325 \u00e5r och som vill ber\u00e4tta om dina upplevelser i ett forskningsprojekt. Vi vill l\u00e4ra oss mer om hur barn och unga s\u00f6ker hj\u00e4lp, hur behoven ser ut, och vad vuxna kan g\u00f6ra f\u00f6r att hj\u00e4lpa. Vi vill intervjua dig som sj\u00e4lv har upplevt utsatthet som barn (det kan vara till exempel v\u00e5ld, missbruk, fattigdom eller annan otrygghet \u2013 hemma, i skolan eller p\u00e5 fritiden). Dina synpunkter \u00e4r viktiga och kan hj\u00e4lpa till att f\u00f6rb\u00e4ttra samh\u00e4llets st\u00f6d till utsatta barn och unga!<\/p>\n\n\n\n<p>Om du tackar ja kommer du att bli intervjuad av en forskare. Intervjun sker antingen fysiskt eller digitalt \u2013 du v\u00e4ljer en plats och tid som passar dig. Forskaren kommer att st\u00e4lla fr\u00e5gor under intervjun men du kommer ocks\u00e5 f\u00e5 prata fritt om det som du tycker \u00e4r viktigt att ber\u00e4tta. Intervjun kan ta olika l\u00e5ng tid beroende p\u00e5 hur mycket du vill ber\u00e4tta f\u00f6r oss (ca 30\u201390 minuter). Du \u00e4r anonym (ingen annan kommer f\u00e5 veta att just du har blivit intervjuad) och du kan n\u00e4r som helst s\u00e4ga att du inte l\u00e4ngre vill vara med. <\/p>\n\n\n\n<p>Du f\u00e5r ett presentkort till Filmstaden som tack f\u00f6r hj\u00e4lpen!<\/p>\n\n\n\n<p>M\u00e5nga har varit intresserade av att delta och det \u00e4r inte s\u00e4kert att alla som anm\u00e4ler intresse kan bli intervjuade, men vi har fortfarande utrymme f\u00f6r att g\u00f6ra n\u00e5gra intervjuer till. Eftersom de flesta som vi har intervjuat hittills \u00e4r tjejer s\u00f6ker vi nu endast killar eller icke-bin\u00e4ra.<br><\/p>\n\n\n\n<p><img loading=\"lazy\" decoding=\"async\" width=\"14\" height=\"14\" class=\"wp-image-63\" style=\"width: 14px;\" src=\"https:\/\/www.blogg.sh.se\/barnshjalpsokande\/wp-content\/uploads\/2024\/09\/liten-prick.png\" alt=\"\"><strong> <a href=\"https:\/\/www.blogg.sh.se\/barnshjalpsokande\/index.php\/vill-du-bli-intervjuad\/\">Vill du bli intervjuad <\/a>eller vill du veta mer?<\/strong> Skicka ett mejl till Ylva Sp\u00e5nberger Weitz som \u00e4r forskare i projektet s\u00e5 h\u00f6r jag av mig! (<a href=\"mailto:ylva.spanberger.weitz@sh.se\">ylva.spanberger.weitz@sh.se<\/a>) <\/p>\n\n\n\n<p><img loading=\"lazy\" decoding=\"async\" width=\"14\" height=\"14\" class=\"wp-image-63\" style=\"width: 14px;\" src=\"https:\/\/www.blogg.sh.se\/barnshjalpsokande\/wp-content\/uploads\/2024\/09\/liten-prick.png\" alt=\"\"> <a href=\"https:\/\/www.blogg.sh.se\/barnshjalpsokande\/index.php\/om\/\" data-type=\"page\" data-id=\"31\">H\u00e4r<\/a> kan du l\u00e4sa mer om forskningsprojektet<\/p>\n\n\n\n<p><img loading=\"lazy\" decoding=\"async\" width=\"14\" height=\"14\" class=\"wp-image-63\" style=\"width: 14px;\" src=\"https:\/\/www.blogg.sh.se\/barnshjalpsokande\/wp-content\/uploads\/2024\/09\/liten-prick.png\" alt=\"\"> <a href=\"https:\/\/www.blogg.sh.se\/barnshjalpsokande\/wp-content\/uploads\/2025\/01\/Forskningspersonsinformation-intervjuer-unga.pdf\">H\u00e4r<\/a> finns mer information till intervjudeltagare<\/p>\n\n\n\n<p><img loading=\"lazy\" decoding=\"async\" width=\"14\" height=\"14\" class=\"wp-image-63\" style=\"width: 14px;\" src=\"https:\/\/www.blogg.sh.se\/barnshjalpsokande\/wp-content\/uploads\/2024\/09\/liten-prick.png\" alt=\"\"> <a href=\"https:\/\/www.blogg.sh.se\/barnshjalpsokande\/index.php\/kontakt\/\" data-type=\"page\" data-id=\"29\">Kontakt<\/a> och information om oss i projektet<\/p>\n\n\n\n<p><\/p>\n","protected":false},"excerpt":{"rendered":"<p>Vi har redan gjort m\u00e5nga intervjuer och just nu s\u00f6ker vi enbart dig som \u00e4r kille eller icke-bin\u00e4r. H\u00e4r kan du anm\u00e4la intresse f\u00f6r att bli intervjuad! Vi s\u00f6ker dig som \u00e4r 18\u201325 \u00e5r och som vill ber\u00e4tta om dina upplevelser i ett forskningsprojekt. Vi vill l\u00e4ra oss mer om hur barn och unga s\u00f6ker &hellip; <\/p>\n<p class=\"link-more\"><a href=\"https:\/\/www.blogg.sh.se\/barnshjalpsokande\/index.php\/intervjuer-med-unga\/\" class=\"more-link\">Forts\u00e4tt l\u00e4sa<span class=\"screen-reader-text\"> \u201dHade du en utsatt barndom och vill hj\u00e4lpa andra i samma situation?\u201d<\/span><\/a><\/p>\n","protected":false},"author":2,"featured_media":0,"parent":0,"menu_order":0,"comment_status":"closed","ping_status":"closed","template":"","meta":{"footnotes":""},"class_list":["post-78","page","type-page","status-publish","hentry"],"_links":{"self":[{"href":"https:\/\/www.blogg.sh.se\/barnshjalpsokande\/index.php\/wp-json\/wp\/v2\/pages\/78","targetHints":{"allow":["GET"]}}],"collection":[{"href":"https:\/\/www.blogg.sh.se\/barnshjalpsokande\/index.php\/wp-json\/wp\/v2\/pages"}],"about":[{"href":"https:\/\/www.blogg.sh.se\/barnshjalpsokande\/index.php\/wp-json\/wp\/v2\/types\/page"}],"author":[{"embeddable":true,"href":"https:\/\/www.blogg.sh.se\/barnshjalpsokande\/index.php\/wp-json\/wp\/v2\/users\/2"}],"replies":[{"embeddable":true,"href":"https:\/\/www.blogg.sh.se\/barnshjalpsokande\/index.php\/wp-json\/wp\/v2\/comments?post=78"}],"version-history":[{"count":65,"href":"https:\/\/www.blogg.sh.se\/barnshjalpsokande\/index.php\/wp-json\/wp\/v2\/pages\/78\/revisions"}],"predecessor-version":[{"id":345,"href":"https:\/\/www.blogg.sh.se\/barnshjalpsokande\/index.php\/wp-json\/wp\/v2\/pages\/78\/revisions\/345"}],"wp:attachment":[{"href":"https:\/\/www.blogg.sh.se\/barnshjalpsokande\/index.php\/wp-json\/wp\/v2\/media?parent=78"}],"curies":[{"name":"wp","href":"https:\/\/api.w.org\/{rel}","templated":true}]}}