{"id":81,"date":"2024-09-30T20:30:31","date_gmt":"2024-09-30T18:30:31","guid":{"rendered":"https:\/\/www.blogg.sh.se\/barnshjalpsokande\/?page_id=81"},"modified":"2025-03-17T16:07:33","modified_gmt":"2025-03-17T15:07:33","slug":"information-till-forsknings-personer-intervjuer-yrkesverksamma","status":"publish","type":"page","link":"https:\/\/www.blogg.sh.se\/barnshjalpsokande\/index.php\/information-till-forsknings-personer-intervjuer-yrkesverksamma\/","title":{"rendered":"Intervjuer med yrkesverksamma"},"content":{"rendered":"\n<p>Vi s\u00f6ker kontakt med dig som i ditt yrke ibland m\u00f6ter barn i social utsatthet och som vill delta i en intervju om dessa fr\u00e5gor. Dina erfarenheter \u00e4r viktiga f\u00f6r att f\u00f6rst\u00e5 hur barns hj\u00e4lps\u00f6kande kan se ut och hur samh\u00e4llet kan uppt\u00e4cka och ge b\u00e4ttre st\u00f6d till de barn som beh\u00f6ver det.<\/p>\n\n\n\n<p>Om du tackar ja kommer du att bli intervjuad av en forskare. Intervjun sker antingen fysiskt eller digitalt \u2013 du v\u00e4ljer en plats och tid som passar dig. Intervjun kan ta olika l\u00e5ng tid beroende p\u00e5 hur mycket du vill ber\u00e4tta (ca 45\u201390 minuter). Du \u00e4r anonym (ingen annan kommer f\u00e5 veta att just du har blivit intervjuad) och du kan n\u00e4r som helst s\u00e4ga att du inte l\u00e4ngre vill vara med. Forskaren kommer att st\u00e4lla fr\u00e5gor under intervjun men du kommer ocks\u00e5 f\u00e5 prata fritt om det som du tycker \u00e4r viktigt.<br><br><img loading=\"lazy\" decoding=\"async\" width=\"14\" height=\"14\" class=\"wp-image-63\" style=\"width: 14px;\" src=\"https:\/\/www.blogg.sh.se\/barnshjalpsokande\/wp-content\/uploads\/2024\/09\/liten-prick.png\" alt=\"\"> Om du vill veta mer kan du h\u00f6ra av dig till Inger Linblad som \u00e4r forskare i projektet och<br>ansvarig f\u00f6r intervjustudien med yrkesverksamma (<a href=\"mailto:inger.linblad@sh.se\">inger.linblad@sh.se<\/a>)<br><br><img loading=\"lazy\" decoding=\"async\" width=\"14\" height=\"14\" class=\"wp-image-63\" style=\"width: 14px;\" src=\"https:\/\/www.blogg.sh.se\/barnshjalpsokande\/wp-content\/uploads\/2024\/09\/liten-prick.png\" alt=\"\"> <a href=\"https:\/\/www.blogg.sh.se\/barnshjalpsokande\/index.php\/om\/\" data-type=\"page\" data-id=\"31\">H\u00e4r<\/a> kan du l\u00e4sa mer om forskningsprojektet<br><br><img loading=\"lazy\" decoding=\"async\" width=\"14\" height=\"14\" class=\"wp-image-63\" style=\"width: 14px;\" src=\"https:\/\/www.blogg.sh.se\/barnshjalpsokande\/wp-content\/uploads\/2024\/09\/liten-prick.png\" alt=\"\"> <a href=\"https:\/\/www.blogg.sh.se\/barnshjalpsokande\/wp-content\/uploads\/2025\/01\/Forskningspersonsinformation-intervjuer-yrkesverksamma.pdf\">H\u00e4r<\/a> kan du l\u00e4sa mer om vad det inneb\u00e4r att delta i en intervju<br><br><img loading=\"lazy\" decoding=\"async\" width=\"14\" height=\"14\" class=\"wp-image-63\" style=\"width: 14px;\" src=\"https:\/\/www.blogg.sh.se\/barnshjalpsokande\/wp-content\/uploads\/2024\/09\/liten-prick.png\" alt=\"\"> <a href=\"https:\/\/www.blogg.sh.se\/barnshjalpsokande\/index.php\/kontakt\/\" data-type=\"page\" data-id=\"29\">Kontakt<\/a> och information om oss i projektet<\/p>\n\n\n\n<p><\/p>\n","protected":false},"excerpt":{"rendered":"<p>Vi s\u00f6ker kontakt med dig som i ditt yrke ibland m\u00f6ter barn i social utsatthet och som vill delta i en intervju om dessa fr\u00e5gor. Dina erfarenheter \u00e4r viktiga f\u00f6r att f\u00f6rst\u00e5 hur barns hj\u00e4lps\u00f6kande kan se ut och hur samh\u00e4llet kan uppt\u00e4cka och ge b\u00e4ttre st\u00f6d till de barn som beh\u00f6ver det. Om du &hellip; <\/p>\n<p class=\"link-more\"><a href=\"https:\/\/www.blogg.sh.se\/barnshjalpsokande\/index.php\/information-till-forsknings-personer-intervjuer-yrkesverksamma\/\" class=\"more-link\">Forts\u00e4tt l\u00e4sa<span class=\"screen-reader-text\"> \u201dIntervjuer med yrkesverksamma\u201d<\/span><\/a><\/p>\n","protected":false},"author":2,"featured_media":0,"parent":0,"menu_order":0,"comment_status":"closed","ping_status":"closed","template":"","meta":{"footnotes":""},"class_list":["post-81","page","type-page","status-publish","hentry"],"_links":{"self":[{"href":"https:\/\/www.blogg.sh.se\/barnshjalpsokande\/index.php\/wp-json\/wp\/v2\/pages\/81","targetHints":{"allow":["GET"]}}],"collection":[{"href":"https:\/\/www.blogg.sh.se\/barnshjalpsokande\/index.php\/wp-json\/wp\/v2\/pages"}],"about":[{"href":"https:\/\/www.blogg.sh.se\/barnshjalpsokande\/index.php\/wp-json\/wp\/v2\/types\/page"}],"author":[{"embeddable":true,"href":"https:\/\/www.blogg.sh.se\/barnshjalpsokande\/index.php\/wp-json\/wp\/v2\/users\/2"}],"replies":[{"embeddable":true,"href":"https:\/\/www.blogg.sh.se\/barnshjalpsokande\/index.php\/wp-json\/wp\/v2\/comments?post=81"}],"version-history":[{"count":10,"href":"https:\/\/www.blogg.sh.se\/barnshjalpsokande\/index.php\/wp-json\/wp\/v2\/pages\/81\/revisions"}],"predecessor-version":[{"id":245,"href":"https:\/\/www.blogg.sh.se\/barnshjalpsokande\/index.php\/wp-json\/wp\/v2\/pages\/81\/revisions\/245"}],"wp:attachment":[{"href":"https:\/\/www.blogg.sh.se\/barnshjalpsokande\/index.php\/wp-json\/wp\/v2\/media?parent=81"}],"curies":[{"name":"wp","href":"https:\/\/api.w.org\/{rel}","templated":true}]}}