{"id":99,"date":"2024-10-04T11:37:46","date_gmt":"2024-10-04T09:37:46","guid":{"rendered":"https:\/\/www.blogg.sh.se\/barnshjalpsokande\/?page_id=99"},"modified":"2025-09-22T21:09:02","modified_gmt":"2025-09-22T19:09:02","slug":"referensgrupper-och-workshops","status":"publish","type":"page","link":"https:\/\/www.blogg.sh.se\/barnshjalpsokande\/index.php\/referensgrupper-och-workshops\/","title":{"rendered":"Referensgrupp och workshops"},"content":{"rendered":"\n<p><strong>Vi s\u00f6ker ungdomar (fr\u00e5n 15 \u00e5r) som vill ing\u00e5 i referensgruppen f\u00f6r ett forskningsprojekt!<\/strong><\/p>\n\n\n\n<p>Anm\u00e4l intresse genom att skicka ett mejl till: <a href=\"mailto:sylwia.koziel@sh.se\">sylwia.koziel@sh.se<\/a><\/p>\n\n\n\n<p>I forskningsprojektet <em>Barns hj\u00e4lps\u00f6kande vid social utsatthet<\/em>\u00a0vill vi unders\u00f6ka hur barn s\u00f6ker hj\u00e4lp n\u00e4r de har det jobbigt hemma, i skolan eller d\u00e4r de bor. Vi vill \u00e4ven st\u00e4rka barns m\u00f6jligheter till att f\u00e5 hj\u00e4lp.<\/p>\n\n\n\n<p>Under hela forskningsprojektet samarbetar vi med ungdomar och yrkesverksamma i en referensgrupp. Tillsammans arbetar vi med planering av de olika delstudierna (t.ex. att f\u00f6rbereda enk\u00e4ter och intervjuer) och vi diskuterar studiernas resultat. Vi har ocks\u00e5 workshops kring hur kunskap fr\u00e5n projektet kan anv\u00e4ndas i socialtj\u00e4nstens verksamhet eller spridas till barn och unga.<\/p>\n\n\n\n<p>Referensgruppen tr\u00e4ffas i Sollentuna 2-3 g\u00e5nger per \u00e5r under hela projekttiden (2024-2028). Du kan vara med under hela projektet eller under en kortare period. Varje tr\u00e4ff \u00e4r ca 2 timmar.  Som ungdomsmedarbetare f\u00e5r du timl\u00f6n f\u00f6r de timmar du \u00e4r med. <\/p>\n\n\n\n<p>Om du vill veta mer eller anm\u00e4la intresse f\u00f6r att vara med kan du h\u00f6ra av dig till Sylwia Koziel som \u00e4r forskare i projektet och ansvarig f\u00f6r referensgruppen: <a href=\"mailto:sylwia.koziel@sh.se\">sylwia.koziel@sh.se<\/a><br><br><img loading=\"lazy\" decoding=\"async\" width=\"14\" height=\"14\" class=\"wp-image-63\" style=\"width: 14px;\" src=\"https:\/\/www.blogg.sh.se\/barnshjalpsokande\/wp-content\/uploads\/2024\/09\/liten-prick.png\" alt=\"\"> <a href=\"https:\/\/www.blogg.sh.se\/barnshjalpsokande\/index.php\/om\/\" data-type=\"page\" data-id=\"31\">H\u00e4r<\/a> kan du l\u00e4sa mer om forskningsprojektet<br><br><img loading=\"lazy\" decoding=\"async\" width=\"14\" height=\"14\" class=\"wp-image-63\" style=\"width: 14px;\" src=\"https:\/\/www.blogg.sh.se\/barnshjalpsokande\/wp-content\/uploads\/2024\/09\/liten-prick.png\" alt=\"\"> <a href=\"https:\/\/www.blogg.sh.se\/barnshjalpsokande\/wp-content\/uploads\/2025\/01\/Information-till-forskningspersoner-i-referensgruppen.pdf\">H\u00e4r<\/a> kan du l\u00e4sa mer om vad det inneb\u00e4r att delta i en workshop<br><br><img loading=\"lazy\" decoding=\"async\" width=\"14\" height=\"14\" class=\"wp-image-63\" style=\"width: 14px;\" src=\"https:\/\/www.blogg.sh.se\/barnshjalpsokande\/wp-content\/uploads\/2024\/09\/liten-prick.png\" alt=\"\"> <a href=\"https:\/\/www.blogg.sh.se\/barnshjalpsokande\/index.php\/kontakt\/\" data-type=\"page\" data-id=\"29\">Kontakt<\/a><\/p>\n\n\n\n<p><\/p>\n","protected":false},"excerpt":{"rendered":"<p>Vi s\u00f6ker ungdomar (fr\u00e5n 15 \u00e5r) som vill ing\u00e5 i referensgruppen f\u00f6r ett forskningsprojekt! Anm\u00e4l intresse genom att skicka ett mejl till: sylwia.koziel@sh.se I forskningsprojektet Barns hj\u00e4lps\u00f6kande vid social utsatthet\u00a0vill vi unders\u00f6ka hur barn s\u00f6ker hj\u00e4lp n\u00e4r de har det jobbigt hemma, i skolan eller d\u00e4r de bor. Vi vill \u00e4ven st\u00e4rka barns m\u00f6jligheter till &hellip; <\/p>\n<p class=\"link-more\"><a href=\"https:\/\/www.blogg.sh.se\/barnshjalpsokande\/index.php\/referensgrupper-och-workshops\/\" class=\"more-link\">Forts\u00e4tt l\u00e4sa<span class=\"screen-reader-text\"> \u201dReferensgrupp och workshops\u201d<\/span><\/a><\/p>\n","protected":false},"author":2,"featured_media":0,"parent":0,"menu_order":0,"comment_status":"closed","ping_status":"closed","template":"","meta":{"footnotes":""},"class_list":["post-99","page","type-page","status-publish","hentry"],"_links":{"self":[{"href":"https:\/\/www.blogg.sh.se\/barnshjalpsokande\/index.php\/wp-json\/wp\/v2\/pages\/99","targetHints":{"allow":["GET"]}}],"collection":[{"href":"https:\/\/www.blogg.sh.se\/barnshjalpsokande\/index.php\/wp-json\/wp\/v2\/pages"}],"about":[{"href":"https:\/\/www.blogg.sh.se\/barnshjalpsokande\/index.php\/wp-json\/wp\/v2\/types\/page"}],"author":[{"embeddable":true,"href":"https:\/\/www.blogg.sh.se\/barnshjalpsokande\/index.php\/wp-json\/wp\/v2\/users\/2"}],"replies":[{"embeddable":true,"href":"https:\/\/www.blogg.sh.se\/barnshjalpsokande\/index.php\/wp-json\/wp\/v2\/comments?post=99"}],"version-history":[{"count":10,"href":"https:\/\/www.blogg.sh.se\/barnshjalpsokande\/index.php\/wp-json\/wp\/v2\/pages\/99\/revisions"}],"predecessor-version":[{"id":278,"href":"https:\/\/www.blogg.sh.se\/barnshjalpsokande\/index.php\/wp-json\/wp\/v2\/pages\/99\/revisions\/278"}],"wp:attachment":[{"href":"https:\/\/www.blogg.sh.se\/barnshjalpsokande\/index.php\/wp-json\/wp\/v2\/media?parent=99"}],"curies":[{"name":"wp","href":"https:\/\/api.w.org\/{rel}","templated":true}]}}