{"id":23,"date":"2025-02-03T15:14:24","date_gmt":"2025-02-03T14:14:24","guid":{"rendered":"https:\/\/www.blogg.sh.se\/hbtqi65plus\/?page_id=23"},"modified":"2026-01-19T17:33:16","modified_gmt":"2026-01-19T16:33:16","slug":"om-projektet","status":"publish","type":"page","link":"https:\/\/www.blogg.sh.se\/hbtqi65plus\/index.php\/om-projektet\/","title":{"rendered":"Om projektet"},"content":{"rendered":"\n<p>Detta \u00e4r ett forskningsprojekt som p\u00e5g\u00e5r 2024-2026 och \u00e4r ett samarbete mellan forskare p\u00e5 S\u00f6dert\u00f6rns h\u00f6gskola och Karolinska Institutet. Det syftar till att unders\u00f6ka h\u00e4lsa och livsvillkor bland \u00e4ldre hbtqi-personer genom en enk\u00e4tstudie samt intervjuer.<\/p>\n\n\n\n<p>Projektet <em>Sociala relationer, h\u00e4lsa och livsvillkor bland \u00e4ldre homosexuella, bisexuella, transpersoner, queera personer eller intersexpersoner (hbtqi)<\/em> \u00e4r finansierat av Forskningsr\u00e5det f\u00f6r h\u00e4lsa, arbetsliv och v\u00e4lf\u00e4rd (Dnr 2023-00149). Det \u00f6vergripande syftet med projektet \u00e4r att unders\u00f6ka erfarenheter av sociala relationer, h\u00e4lsa och livsvillkor bland hbtqi-personer som \u00e4r 65 \u00e5r och \u00e4ldre. \u00c4ldre hbtqi-personer \u00e4r en grupp som ofta f\u00f6rbisetts i forskningen. I den h\u00e4r studien hoppas vi att f\u00e5 st\u00f6rre kunskap om erfarenheterna i gruppen n\u00e4r det g\u00e4ller sociala relationer, h\u00e4lsa och livsvillkor.<\/p>\n\n\n\n<p>Alla hbtqi-personer som \u00e4r 65 \u00e5r eller \u00e4ldre \u00e4r v\u00e4lkomna att delta. \u00c4ven om du inte har en identifikation som hbtqi-person, men exempelvis har samk\u00f6nade relationer, eller har tidigare transerfarenheter, s\u00e5 \u00e4r du ocks\u00e5 v\u00e4lkommen att delta.<\/p>\n\n\n\n<p>Om du vill delta, men inte har m\u00f6jlighet att g\u00f6ra det digitalt \u00e4r du v\u00e4lkommen att kontakta oss f\u00f6r att f\u00e5 enk\u00e4ten i pappersversion via post.<\/p>\n\n\n\n<p>Forskningen \u00e4r godk\u00e4nd av Etikpr\u00f6vningsmyndigheten, diarienummer f\u00f6r pr\u00f6vningen hos Etikpr\u00f6vningsmyndigheten \u00e4r 2024-03689-01.<\/p>\n\n\n\n<div class=\"wp-block-buttons is-layout-flex wp-block-buttons-is-layout-flex\">\n<div class=\"wp-block-button\"><a class=\"wp-block-button__link wp-element-button\" href=\"https:\/\/www.blogg.sh.se\/hbtqi65plus\/index.php\/om-du-vill-delta\/\">Enk\u00e4ten har nu st\u00e4ngt och det g\u00e5r inte l\u00e4ngre att delta.<\/a><\/div>\n<\/div>\n\n\n\n<p><\/p>\n","protected":false},"excerpt":{"rendered":"<p>Detta \u00e4r ett forskningsprojekt som p\u00e5g\u00e5r 2024-2026 och \u00e4r ett samarbete mellan forskare p\u00e5 S\u00f6dert\u00f6rns h\u00f6gskola och Karolinska Institutet. Det syftar till att unders\u00f6ka h\u00e4lsa och livsvillkor bland \u00e4ldre hbtqi-personer genom en enk\u00e4tstudie samt intervjuer. Projektet Sociala relationer, h\u00e4lsa och livsvillkor bland \u00e4ldre homosexuella, bisexuella, transpersoner, queera personer eller intersexpersoner (hbtqi) \u00e4r finansierat av Forskningsr\u00e5det [&hellip;]<\/p>\n","protected":false},"author":2,"featured_media":0,"parent":0,"menu_order":0,"comment_status":"closed","ping_status":"closed","template":"","meta":{"_monsterinsights_skip_tracking":false,"_monsterinsights_sitenote_active":false,"_monsterinsights_sitenote_note":"","_monsterinsights_sitenote_category":0,"footnotes":""},"class_list":["post-23","page","type-page","status-publish","hentry"],"yoast_head":"<!-- This site is optimized with the Yoast SEO plugin v24.2 - https:\/\/yoast.com\/wordpress\/plugins\/seo\/ -->\n<title>Om projektet - hbtqi65plus<\/title>\n<meta name=\"robots\" content=\"index, follow, max-snippet:-1, max-image-preview:large, max-video-preview:-1\" \/>\n<link rel=\"canonical\" href=\"https:\/\/www.blogg.sh.se\/hbtqi65plus\/index.php\/om-projektet\/\" \/>\n<meta property=\"og:locale\" content=\"sv_SE\" \/>\n<meta property=\"og:type\" content=\"article\" \/>\n<meta property=\"og:title\" content=\"Om projektet - hbtqi65plus\" \/>\n<meta property=\"og:description\" content=\"Detta \u00e4r ett forskningsprojekt som p\u00e5g\u00e5r 2024-2026 och \u00e4r ett samarbete mellan forskare p\u00e5 S\u00f6dert\u00f6rns h\u00f6gskola och Karolinska Institutet. Det syftar till att unders\u00f6ka h\u00e4lsa och livsvillkor bland \u00e4ldre hbtqi-personer genom en enk\u00e4tstudie samt intervjuer. Projektet Sociala relationer, h\u00e4lsa och livsvillkor bland \u00e4ldre homosexuella, bisexuella, transpersoner, queera personer eller intersexpersoner (hbtqi) \u00e4r finansierat av Forskningsr\u00e5det [&hellip;]\" \/>\n<meta property=\"og:url\" content=\"https:\/\/www.blogg.sh.se\/hbtqi65plus\/index.php\/om-projektet\/\" \/>\n<meta property=\"og:site_name\" content=\"hbtqi65plus\" \/>\n<meta property=\"article:modified_time\" content=\"2026-01-19T16:33:16+00:00\" \/>\n<meta name=\"twitter:card\" content=\"summary_large_image\" \/>\n<meta name=\"twitter:label1\" content=\"Ber\u00e4knad l\u00e4stid\" \/>\n\t<meta name=\"twitter:data1\" content=\"1 minut\" \/>\n<script type=\"application\/ld+json\" class=\"yoast-schema-graph\">{\"@context\":\"https:\/\/schema.org\",\"@graph\":[{\"@type\":\"WebPage\",\"@id\":\"https:\/\/www.blogg.sh.se\/hbtqi65plus\/index.php\/om-projektet\/\",\"url\":\"https:\/\/www.blogg.sh.se\/hbtqi65plus\/index.php\/om-projektet\/\",\"name\":\"Om projektet - hbtqi65plus\",\"isPartOf\":{\"@id\":\"https:\/\/www.blogg.sh.se\/hbtqi65plus\/#website\"},\"datePublished\":\"2025-02-03T14:14:24+00:00\",\"dateModified\":\"2026-01-19T16:33:16+00:00\",\"breadcrumb\":{\"@id\":\"https:\/\/www.blogg.sh.se\/hbtqi65plus\/index.php\/om-projektet\/#breadcrumb\"},\"inLanguage\":\"sv-SE\",\"potentialAction\":[{\"@type\":\"ReadAction\",\"target\":[\"https:\/\/www.blogg.sh.se\/hbtqi65plus\/index.php\/om-projektet\/\"]}]},{\"@type\":\"BreadcrumbList\",\"@id\":\"https:\/\/www.blogg.sh.se\/hbtqi65plus\/index.php\/om-projektet\/#breadcrumb\",\"itemListElement\":[{\"@type\":\"ListItem\",\"position\":1,\"name\":\"Home\",\"item\":\"https:\/\/www.blogg.sh.se\/hbtqi65plus\/\"},{\"@type\":\"ListItem\",\"position\":2,\"name\":\"Om projektet\"}]},{\"@type\":\"WebSite\",\"@id\":\"https:\/\/www.blogg.sh.se\/hbtqi65plus\/#website\",\"url\":\"https:\/\/www.blogg.sh.se\/hbtqi65plus\/\",\"name\":\"hbtqi65plus\",\"description\":\"Sociala relationer, h\u00e4lsa och livsvillkor bland hbtqi-personer  65 \u00e5r  och \u00e4ldre\",\"publisher\":{\"@id\":\"https:\/\/www.blogg.sh.se\/hbtqi65plus\/#organization\"},\"potentialAction\":[{\"@type\":\"SearchAction\",\"target\":{\"@type\":\"EntryPoint\",\"urlTemplate\":\"https:\/\/www.blogg.sh.se\/hbtqi65plus\/?s={search_term_string}\"},\"query-input\":{\"@type\":\"PropertyValueSpecification\",\"valueRequired\":true,\"valueName\":\"search_term_string\"}}],\"inLanguage\":\"sv-SE\"},{\"@type\":\"Organization\",\"@id\":\"https:\/\/www.blogg.sh.se\/hbtqi65plus\/#organization\",\"name\":\"hbtqi65plus\",\"url\":\"https:\/\/www.blogg.sh.se\/hbtqi65plus\/\",\"logo\":{\"@type\":\"ImageObject\",\"inLanguage\":\"sv-SE\",\"@id\":\"https:\/\/www.blogg.sh.se\/hbtqi65plus\/#\/schema\/logo\/image\/\",\"url\":\"https:\/\/www.blogg.sh.se\/hbtqi65plus\/wp-content\/uploads\/2025\/04\/regnbagsflagga.jpeg\",\"contentUrl\":\"https:\/\/www.blogg.sh.se\/hbtqi65plus\/wp-content\/uploads\/2025\/04\/regnbagsflagga.jpeg\",\"width\":800,\"height\":800,\"caption\":\"hbtqi65plus\"},\"image\":{\"@id\":\"https:\/\/www.blogg.sh.se\/hbtqi65plus\/#\/schema\/logo\/image\/\"}}]}<\/script>\n<!-- \/ Yoast SEO plugin. -->","yoast_head_json":{"title":"Om projektet - hbtqi65plus","robots":{"index":"index","follow":"follow","max-snippet":"max-snippet:-1","max-image-preview":"max-image-preview:large","max-video-preview":"max-video-preview:-1"},"canonical":"https:\/\/www.blogg.sh.se\/hbtqi65plus\/index.php\/om-projektet\/","og_locale":"sv_SE","og_type":"article","og_title":"Om projektet - hbtqi65plus","og_description":"Detta \u00e4r ett forskningsprojekt som p\u00e5g\u00e5r 2024-2026 och \u00e4r ett samarbete mellan forskare p\u00e5 S\u00f6dert\u00f6rns h\u00f6gskola och Karolinska Institutet. Det syftar till att unders\u00f6ka h\u00e4lsa och livsvillkor bland \u00e4ldre hbtqi-personer genom en enk\u00e4tstudie samt intervjuer. Projektet Sociala relationer, h\u00e4lsa och livsvillkor bland \u00e4ldre homosexuella, bisexuella, transpersoner, queera personer eller intersexpersoner (hbtqi) \u00e4r finansierat av Forskningsr\u00e5det [&hellip;]","og_url":"https:\/\/www.blogg.sh.se\/hbtqi65plus\/index.php\/om-projektet\/","og_site_name":"hbtqi65plus","article_modified_time":"2026-01-19T16:33:16+00:00","twitter_card":"summary_large_image","twitter_misc":{"Ber\u00e4knad l\u00e4stid":"1 minut"},"schema":{"@context":"https:\/\/schema.org","@graph":[{"@type":"WebPage","@id":"https:\/\/www.blogg.sh.se\/hbtqi65plus\/index.php\/om-projektet\/","url":"https:\/\/www.blogg.sh.se\/hbtqi65plus\/index.php\/om-projektet\/","name":"Om projektet - hbtqi65plus","isPartOf":{"@id":"https:\/\/www.blogg.sh.se\/hbtqi65plus\/#website"},"datePublished":"2025-02-03T14:14:24+00:00","dateModified":"2026-01-19T16:33:16+00:00","breadcrumb":{"@id":"https:\/\/www.blogg.sh.se\/hbtqi65plus\/index.php\/om-projektet\/#breadcrumb"},"inLanguage":"sv-SE","potentialAction":[{"@type":"ReadAction","target":["https:\/\/www.blogg.sh.se\/hbtqi65plus\/index.php\/om-projektet\/"]}]},{"@type":"BreadcrumbList","@id":"https:\/\/www.blogg.sh.se\/hbtqi65plus\/index.php\/om-projektet\/#breadcrumb","itemListElement":[{"@type":"ListItem","position":1,"name":"Home","item":"https:\/\/www.blogg.sh.se\/hbtqi65plus\/"},{"@type":"ListItem","position":2,"name":"Om projektet"}]},{"@type":"WebSite","@id":"https:\/\/www.blogg.sh.se\/hbtqi65plus\/#website","url":"https:\/\/www.blogg.sh.se\/hbtqi65plus\/","name":"hbtqi65plus","description":"Sociala relationer, h\u00e4lsa och livsvillkor bland hbtqi-personer  65 \u00e5r  och \u00e4ldre","publisher":{"@id":"https:\/\/www.blogg.sh.se\/hbtqi65plus\/#organization"},"potentialAction":[{"@type":"SearchAction","target":{"@type":"EntryPoint","urlTemplate":"https:\/\/www.blogg.sh.se\/hbtqi65plus\/?s={search_term_string}"},"query-input":{"@type":"PropertyValueSpecification","valueRequired":true,"valueName":"search_term_string"}}],"inLanguage":"sv-SE"},{"@type":"Organization","@id":"https:\/\/www.blogg.sh.se\/hbtqi65plus\/#organization","name":"hbtqi65plus","url":"https:\/\/www.blogg.sh.se\/hbtqi65plus\/","logo":{"@type":"ImageObject","inLanguage":"sv-SE","@id":"https:\/\/www.blogg.sh.se\/hbtqi65plus\/#\/schema\/logo\/image\/","url":"https:\/\/www.blogg.sh.se\/hbtqi65plus\/wp-content\/uploads\/2025\/04\/regnbagsflagga.jpeg","contentUrl":"https:\/\/www.blogg.sh.se\/hbtqi65plus\/wp-content\/uploads\/2025\/04\/regnbagsflagga.jpeg","width":800,"height":800,"caption":"hbtqi65plus"},"image":{"@id":"https:\/\/www.blogg.sh.se\/hbtqi65plus\/#\/schema\/logo\/image\/"}}]}},"_links":{"self":[{"href":"https:\/\/www.blogg.sh.se\/hbtqi65plus\/index.php\/wp-json\/wp\/v2\/pages\/23","targetHints":{"allow":["GET"]}}],"collection":[{"href":"https:\/\/www.blogg.sh.se\/hbtqi65plus\/index.php\/wp-json\/wp\/v2\/pages"}],"about":[{"href":"https:\/\/www.blogg.sh.se\/hbtqi65plus\/index.php\/wp-json\/wp\/v2\/types\/page"}],"author":[{"embeddable":true,"href":"https:\/\/www.blogg.sh.se\/hbtqi65plus\/index.php\/wp-json\/wp\/v2\/users\/2"}],"replies":[{"embeddable":true,"href":"https:\/\/www.blogg.sh.se\/hbtqi65plus\/index.php\/wp-json\/wp\/v2\/comments?post=23"}],"version-history":[{"count":6,"href":"https:\/\/www.blogg.sh.se\/hbtqi65plus\/index.php\/wp-json\/wp\/v2\/pages\/23\/revisions"}],"predecessor-version":[{"id":102,"href":"https:\/\/www.blogg.sh.se\/hbtqi65plus\/index.php\/wp-json\/wp\/v2\/pages\/23\/revisions\/102"}],"wp:attachment":[{"href":"https:\/\/www.blogg.sh.se\/hbtqi65plus\/index.php\/wp-json\/wp\/v2\/media?parent=23"}],"curies":[{"name":"wp","href":"https:\/\/api.w.org\/{rel}","templated":true}]}}