{"id":1225,"date":"2025-12-13T18:05:17","date_gmt":"2025-12-13T17:05:17","guid":{"rendered":"https:\/\/www.blogg.sh.se\/kpub\/?page_id=1225"},"modified":"2026-01-30T15:18:00","modified_gmt":"2026-01-30T14:18:00","slug":"reports","status":"publish","type":"page","link":"https:\/\/www.blogg.sh.se\/kpub\/reports\/","title":{"rendered":"Reports"},"content":{"rendered":"<div class=\"et_pb_section_0 et_pb_section et_section_regular et_flex_section\">\n<div class=\"et_pb_row_0 et_pb_row et_block_row\">\n<div class=\"et_pb_column_0 et_pb_column et_pb_column_4_4 et-last-child et_block_column et_pb_css_mix_blend_mode_passthrough\">\n<div class=\"et_pb_text_0 et_pb_text et_pb_bg_layout_light et_pb_module et_block_module\"><div class=\"et_pb_text_inner\"><h1>Reports<\/h1>\n<\/div><\/div>\n<\/div>\n<\/div>\n\n<div class=\"et_pb_row_1 et_pb_row et_flex_row pub-grid\">\n<div class=\"et_pb_column_1 et_pb_column et-last-child et_flex_column et_pb_css_mix_blend_mode_passthrough et_flex_column_24_24 et_flex_column_24_24_tablet et_flex_column_24_24_phone\">\n<div class=\"et_pb_blurb_0 et_pb_blurb et_pb_bg_layout_light et_pb_blurb_position_top et_pb_module et_block_module pub-card\"><div class=\"et_pb_blurb_content\"><div class=\"et_pb_main_blurb_image\"><span class=\"et_pb_image_wrap et_pb_only_image_mode_wrap\"><img loading=\"lazy\" decoding=\"async\" src=\"https:\/\/www.blogg.sh.se\/kpub\/wp-content\/uploads\/2026\/01\/Forskning_om_public_service_medier.webp\" width=\"528\" height=\"842\" srcset=\"https:\/\/www.blogg.sh.se\/kpub\/wp-content\/uploads\/2026\/01\/Forskning_om_public_service_medier.webp 528w, https:\/\/www.blogg.sh.se\/kpub\/wp-content\/uploads\/2026\/01\/Forskning_om_public_service_medier-480x765.webp 480w\" sizes=\"(min-width: 0px) and (max-width: 480px) 480px, (min-width: 481px) 528px, 100vw\" class=\"et-waypoint et_pb_animation_top et_pb_animation_top_tablet et_pb_animation_top_phone wp-image-1452\" title=\"Forskning_om_public_service_medier\" alt=\"Bokomslag: TV-journalistik i konkurrensens tid: nyhets- och samh\u00e4llsprogram i svensk TV 1990\u20132004, av Jesper Str\u00f6mb\u00e4ck, Anna\u00a0Maria J\u00f6nsson\" \/><\/span><\/div><div class=\"et_pb_blurb_container\"><div class=\"et_pb_blurb_description\"><h4 class=\"pub-title\">Forskning om public service-medier: En \u00f6versikt av vetenskapliga artiklar 1998\u20132024<span class=\"pub-byline\">Amanda Rams\u00e4lv, Fredrik Stiernstedt, Anne&nbsp;Kaun<\/span><\/h4>\n<p>Public service-medierna (PSM) befinner sig i en tid av f\u00f6r\u00e4ndring \u2013 politiskt, tekniskt och publikm\u00e4ssigt. Men vad vet vi egentligen om dem?<\/p>\n<p>Denna rapport ger en bred internationell \u00f6versikt \u00f6ver forskningenom public service-medier mellan 1998 och 2024. Genom en analys av 275 vetenskapliga artiklar kartl\u00e4ggs hur forskningen vuxit fram, vilka fr\u00e5gor som dominerat \u2013 och vilka kunskapsluckor som \u00e4nnu \u00e5terst\u00e5r.<\/p>\n<p>Rapporten v\u00e4nder sig till forskare, studenter, journalister, beslutsfattare och alla som vill f\u00f6rst\u00e5 public service-mediernas roll i ett f\u00f6r\u00e4nderligt medielandskap. Med tydliga slutsatser och rekommendationer pekar den ocks\u00e5 fram\u00e5t: vilka fr\u00e5gor m\u00e5ste framtida forskning ta sig an f\u00f6r att m\u00f6ta kunskapsbehoven i en tid av politisk polarisering och global medieomvandling?<\/p>\n<p>Amanda Rams\u00e4lv \u00e4r fil. dr och bitr\u00e4dande forskare p\u00e5 JMG vid G\u00f6teborgs universitet. Hennes forskning kretsar kring journalistiskt arbete och digital nyhetsproduktion.<\/p>\n<p class=\"more\"><a class=\"btn\" href=\"https:\/\/sh.diva-portal.org\/smash\/get\/diva2:2031121\/FULLTEXT01.pdf\">Ladda ner h\u00e4r<\/a><\/p>\n<\/div><\/div><\/div><\/div>\n\n<div class=\"et_pb_blurb_1 et_pb_blurb et_pb_bg_layout_light et_pb_blurb_position_top et_pb_module et_block_module pub-card\"><div class=\"et_pb_blurb_content\"><div class=\"et_pb_main_blurb_image\"><span class=\"et_pb_image_wrap et_pb_only_image_mode_wrap\"><img loading=\"lazy\" decoding=\"async\" src=\"https:\/\/www.blogg.sh.se\/kpub\/wp-content\/uploads\/2026\/01\/Research_on_public_service_media.webp\" width=\"573\" height=\"906\" srcset=\"https:\/\/www.blogg.sh.se\/kpub\/wp-content\/uploads\/2026\/01\/Research_on_public_service_media.webp 573w, https:\/\/www.blogg.sh.se\/kpub\/wp-content\/uploads\/2026\/01\/Research_on_public_service_media-480x759.webp 480w\" sizes=\"(min-width: 0px) and (max-width: 480px) 480px, (min-width: 481px) 573px, 100vw\" class=\"et-waypoint et_pb_animation_top et_pb_animation_top_tablet et_pb_animation_top_phone wp-image-1453\" title=\"Research_on_public_service_media\" alt=\"Bokomslag: TV-journalistik i konkurrensens tid: nyhets- och samh\u00e4llsprogram i svensk TV 1990\u20132004, av Jesper Str\u00f6mb\u00e4ck, Anna\u00a0Maria J\u00f6nsson\" \/><\/span><\/div><div class=\"et_pb_blurb_container\"><div class=\"et_pb_blurb_description\"><h4 class=\"pub-title\">Research on public service media: An overview of scientific articles 1998\u20132024<span class=\"pub-byline\">Amanda Rams\u00e4lv, Fredrik Stiernstedt, Anne&nbsp;Kaun<\/span><\/h4>\n<p>Public service media (PSM) are undergoing a period of change \u2013 politically, technologically, and in terms of their audience. But what do we really know about them? <\/p>\n<p>This report provides a broad international overview of research on public service media between 1998 and 2024. Analyzing 275 scientific articles, it maps how research has evolved, which topics have dominated in research \u2013 and which knowledge gaps remain. <\/p>\n<p>The report is aimed at researchers, students, journalists, decision-makers, and anyone who wants to understand the role of public service media in a changing media landscape. With clear conclusions and recommendations, it also points the way forward: what issues must future research address in order to meet the needfor knowledge in an era of political polarisation and global media transformation? <\/p>\n<p>Amanda Rams\u00e4lv (PhD) is a researcher at JMG at the University of Gothenburg. Her research focuses on journalism and digital news production.<\/p>\n<p class=\"more\"><a class=\"btn\" href=\"https:\/\/sh.diva-portal.org\/smash\/get\/diva2:2031120\/FULLTEXT01.pdf\">Download here<\/a><\/p>\n<\/div><\/div><\/div><\/div>\n<\/div>\n<\/div>\n<\/div>","protected":false},"excerpt":{"rendered":"","protected":false},"author":3,"featured_media":0,"parent":0,"menu_order":0,"comment_status":"closed","ping_status":"closed","template":"","meta":{"_acf_changed":false,"_monsterinsights_skip_tracking":false,"_monsterinsights_sitenote_active":false,"_monsterinsights_sitenote_note":"","_monsterinsights_sitenote_category":0,"footnotes":""},"class_list":["post-1225","page","type-page","status-publish","hentry"],"acf":[],"yoast_head":"<!-- This site is optimized with the Yoast SEO plugin v27.1.1 - https:\/\/yoast.com\/product\/yoast-seo-wordpress\/ -->\n<title>Reports - kpub<\/title>\n<meta name=\"robots\" content=\"index, follow, max-snippet:-1, max-image-preview:large, max-video-preview:-1\" \/>\n<link rel=\"canonical\" href=\"https:\/\/www.blogg.sh.se\/kpub\/reports\/\" \/>\n<meta property=\"og:locale\" content=\"sv_SE\" \/>\n<meta property=\"og:type\" content=\"article\" \/>\n<meta property=\"og:title\" content=\"Reports - kpub\" \/>\n<meta property=\"og:url\" content=\"https:\/\/www.blogg.sh.se\/kpub\/reports\/\" \/>\n<meta property=\"og:site_name\" content=\"kpub\" \/>\n<meta property=\"article:modified_time\" content=\"2026-01-30T14:18:00+00:00\" \/>\n<meta name=\"twitter:card\" content=\"summary_large_image\" \/>\n<script type=\"application\/ld+json\" class=\"yoast-schema-graph\">{\"@context\":\"https:\/\/schema.org\",\"@graph\":[{\"@type\":\"WebPage\",\"@id\":\"https:\/\/www.blogg.sh.se\/kpub\/reports\/\",\"url\":\"https:\/\/www.blogg.sh.se\/kpub\/reports\/\",\"name\":\"Reports - kpub\",\"isPartOf\":{\"@id\":\"https:\/\/www.blogg.sh.se\/kpub\/#website\"},\"datePublished\":\"2025-12-13T17:05:17+00:00\",\"dateModified\":\"2026-01-30T14:18:00+00:00\",\"breadcrumb\":{\"@id\":\"https:\/\/www.blogg.sh.se\/kpub\/reports\/#breadcrumb\"},\"inLanguage\":\"sv-SE\",\"potentialAction\":[{\"@type\":\"ReadAction\",\"target\":[\"https:\/\/www.blogg.sh.se\/kpub\/reports\/\"]}]},{\"@type\":\"BreadcrumbList\",\"@id\":\"https:\/\/www.blogg.sh.se\/kpub\/reports\/#breadcrumb\",\"itemListElement\":[{\"@type\":\"ListItem\",\"position\":1,\"name\":\"Hem\",\"item\":\"https:\/\/www.blogg.sh.se\/kpub\/\"},{\"@type\":\"ListItem\",\"position\":2,\"name\":\"Reports\"}]},{\"@type\":\"WebSite\",\"@id\":\"https:\/\/www.blogg.sh.se\/kpub\/#website\",\"url\":\"https:\/\/www.blogg.sh.se\/kpub\/\",\"name\":\"K-pub\",\"description\":\"\",\"publisher\":{\"@id\":\"https:\/\/www.blogg.sh.se\/kpub\/#organization\"},\"potentialAction\":[{\"@type\":\"SearchAction\",\"target\":{\"@type\":\"EntryPoint\",\"urlTemplate\":\"https:\/\/www.blogg.sh.se\/kpub\/?s={search_term_string}\"},\"query-input\":{\"@type\":\"PropertyValueSpecification\",\"valueRequired\":true,\"valueName\":\"search_term_string\"}}],\"inLanguage\":\"sv-SE\"},{\"@type\":\"Organization\",\"@id\":\"https:\/\/www.blogg.sh.se\/kpub\/#organization\",\"name\":\"K-pub\",\"url\":\"https:\/\/www.blogg.sh.se\/kpub\/\",\"logo\":{\"@type\":\"ImageObject\",\"inLanguage\":\"sv-SE\",\"@id\":\"https:\/\/www.blogg.sh.se\/kpub\/#\/schema\/logo\/image\/\",\"url\":\"https:\/\/www.blogg.sh.se\/kpub\/wp-content\/uploads\/2025\/11\/K-pub_D_SOC_675x1200.png\",\"contentUrl\":\"https:\/\/www.blogg.sh.se\/kpub\/wp-content\/uploads\/2025\/11\/K-pub_D_SOC_675x1200.png\",\"width\":1200,\"height\":675,\"caption\":\"K-pub\"},\"image\":{\"@id\":\"https:\/\/www.blogg.sh.se\/kpub\/#\/schema\/logo\/image\/\"}}]}<\/script>\n<!-- \/ Yoast SEO plugin. -->","yoast_head_json":{"title":"Reports - kpub","robots":{"index":"index","follow":"follow","max-snippet":"max-snippet:-1","max-image-preview":"max-image-preview:large","max-video-preview":"max-video-preview:-1"},"canonical":"https:\/\/www.blogg.sh.se\/kpub\/reports\/","og_locale":"sv_SE","og_type":"article","og_title":"Reports - kpub","og_url":"https:\/\/www.blogg.sh.se\/kpub\/reports\/","og_site_name":"kpub","article_modified_time":"2026-01-30T14:18:00+00:00","twitter_card":"summary_large_image","schema":{"@context":"https:\/\/schema.org","@graph":[{"@type":"WebPage","@id":"https:\/\/www.blogg.sh.se\/kpub\/reports\/","url":"https:\/\/www.blogg.sh.se\/kpub\/reports\/","name":"Reports - kpub","isPartOf":{"@id":"https:\/\/www.blogg.sh.se\/kpub\/#website"},"datePublished":"2025-12-13T17:05:17+00:00","dateModified":"2026-01-30T14:18:00+00:00","breadcrumb":{"@id":"https:\/\/www.blogg.sh.se\/kpub\/reports\/#breadcrumb"},"inLanguage":"sv-SE","potentialAction":[{"@type":"ReadAction","target":["https:\/\/www.blogg.sh.se\/kpub\/reports\/"]}]},{"@type":"BreadcrumbList","@id":"https:\/\/www.blogg.sh.se\/kpub\/reports\/#breadcrumb","itemListElement":[{"@type":"ListItem","position":1,"name":"Hem","item":"https:\/\/www.blogg.sh.se\/kpub\/"},{"@type":"ListItem","position":2,"name":"Reports"}]},{"@type":"WebSite","@id":"https:\/\/www.blogg.sh.se\/kpub\/#website","url":"https:\/\/www.blogg.sh.se\/kpub\/","name":"K-pub","description":"","publisher":{"@id":"https:\/\/www.blogg.sh.se\/kpub\/#organization"},"potentialAction":[{"@type":"SearchAction","target":{"@type":"EntryPoint","urlTemplate":"https:\/\/www.blogg.sh.se\/kpub\/?s={search_term_string}"},"query-input":{"@type":"PropertyValueSpecification","valueRequired":true,"valueName":"search_term_string"}}],"inLanguage":"sv-SE"},{"@type":"Organization","@id":"https:\/\/www.blogg.sh.se\/kpub\/#organization","name":"K-pub","url":"https:\/\/www.blogg.sh.se\/kpub\/","logo":{"@type":"ImageObject","inLanguage":"sv-SE","@id":"https:\/\/www.blogg.sh.se\/kpub\/#\/schema\/logo\/image\/","url":"https:\/\/www.blogg.sh.se\/kpub\/wp-content\/uploads\/2025\/11\/K-pub_D_SOC_675x1200.png","contentUrl":"https:\/\/www.blogg.sh.se\/kpub\/wp-content\/uploads\/2025\/11\/K-pub_D_SOC_675x1200.png","width":1200,"height":675,"caption":"K-pub"},"image":{"@id":"https:\/\/www.blogg.sh.se\/kpub\/#\/schema\/logo\/image\/"}}]}},"_links":{"self":[{"href":"https:\/\/www.blogg.sh.se\/kpub\/wp-json\/wp\/v2\/pages\/1225","targetHints":{"allow":["GET"]}}],"collection":[{"href":"https:\/\/www.blogg.sh.se\/kpub\/wp-json\/wp\/v2\/pages"}],"about":[{"href":"https:\/\/www.blogg.sh.se\/kpub\/wp-json\/wp\/v2\/types\/page"}],"author":[{"embeddable":true,"href":"https:\/\/www.blogg.sh.se\/kpub\/wp-json\/wp\/v2\/users\/3"}],"replies":[{"embeddable":true,"href":"https:\/\/www.blogg.sh.se\/kpub\/wp-json\/wp\/v2\/comments?post=1225"}],"version-history":[{"count":6,"href":"https:\/\/www.blogg.sh.se\/kpub\/wp-json\/wp\/v2\/pages\/1225\/revisions"}],"predecessor-version":[{"id":1523,"href":"https:\/\/www.blogg.sh.se\/kpub\/wp-json\/wp\/v2\/pages\/1225\/revisions\/1523"}],"wp:attachment":[{"href":"https:\/\/www.blogg.sh.se\/kpub\/wp-json\/wp\/v2\/media?parent=1225"}],"curies":[{"name":"wp","href":"https:\/\/api.w.org\/{rel}","templated":true}]}}